{"id":254,"date":"2011-05-06T19:08:00","date_gmt":"2011-05-06T18:08:00","guid":{"rendered":"http:\/\/steinbach-im-netz.de\/?page_id=254"},"modified":"2011-05-06T19:08:00","modified_gmt":"2011-05-06T18:08:00","slug":"maifeuer","status":"publish","type":"page","link":"http:\/\/steinbach-im-netz.de\/?page_id=254","title":{"rendered":"Maifeuer"},"content":{"rendered":"<p><strong>Maifeuer mit Fackelumzug<\/strong><\/p>\n<p>Das Maifeuer findet j\u00e4hlich am 30. April statt. Ihm zu Grunde liegt der &#8222;Tag der Arbeit&#8220;, der 1. Mai, der hier feierlich begangen wird. Zu diesem Fest k\u00f6nnen der Dorfclub und die FFw die meisten G\u00e4ste in unserem Ort z\u00e4hlen. Es findet jedes Jahr um 19.30 Uhr ein Fakelumzug durch Steinbach statt, der am Ende in das Entz\u00fcnden des ca. 5 Meter hohen Holzhaufens f\u00fchrt. Der Dorfclub verkaufte im Jahr 2000 ca. 600 Rostw\u00fcrste und ca. 350 Rostbr\u00e4del (Steaks), was von einer hohen Besucherzahl zeugt.<\/p>\n<p><a title=\"Maifeuer\" href=\"http:\/\/steinbach-im-netz.de\/?cat=5\">Mehr dazu finden Sie hier.<\/a><\/p>\n","protected":false},"excerpt":{"rendered":"<p>Maifeuer mit Fackelumzug Das Maifeuer findet j\u00e4hlich am 30. April statt. Ihm zu Grunde liegt der &#8222;Tag der Arbeit&#8220;, der 1. Mai, der hier feierlich begangen wird. Zu diesem Fest k\u00f6nnen der Dorfclub und die FFw die meisten G\u00e4ste in unserem Ort z\u00e4hlen. Es findet jedes Jahr um 19.30 Uhr ein Fakelumzug durch Steinbach statt, &hellip; <a href=\"http:\/\/steinbach-im-netz.de\/?page_id=254\" class=\"more-link\"><span class=\"screen-reader-text\">Maifeuer<\/span> weiterlesen <span class=\"meta-nav\">&rarr;<\/span><\/a><\/p>\n","protected":false},"author":1,"featured_media":0,"parent":0,"menu_order":4,"comment_status":"open","ping_status":"closed","template":"","meta":[],"_links":{"self":[{"href":"http:\/\/steinbach-im-netz.de\/index.php?rest_route=\/wp\/v2\/pages\/254"}],"collection":[{"href":"http:\/\/steinbach-im-netz.de\/index.php?rest_route=\/wp\/v2\/pages"}],"about":[{"href":"http:\/\/steinbach-im-netz.de\/index.php?rest_route=\/wp\/v2\/types\/page"}],"author":[{"embeddable":true,"href":"http:\/\/steinbach-im-netz.de\/index.php?rest_route=\/wp\/v2\/users\/1"}],"replies":[{"embeddable":true,"href":"http:\/\/steinbach-im-netz.de\/index.php?rest_route=%2Fwp%2Fv2%2Fcomments&post=254"}],"version-history":[{"count":1,"href":"http:\/\/steinbach-im-netz.de\/index.php?rest_route=\/wp\/v2\/pages\/254\/revisions"}],"predecessor-version":[{"id":255,"href":"http:\/\/steinbach-im-netz.de\/index.php?rest_route=\/wp\/v2\/pages\/254\/revisions\/255"}],"wp:attachment":[{"href":"http:\/\/steinbach-im-netz.de\/index.php?rest_route=%2Fwp%2Fv2%2Fmedia&parent=254"}],"curies":[{"name":"wp","href":"https:\/\/api.w.org\/{rel}","templated":true}]}}