{"id":234,"date":"2011-05-06T18:32:36","date_gmt":"2011-05-06T17:32:36","guid":{"rendered":"http:\/\/steinbach-im-netz.de\/?page_id=234"},"modified":"2011-05-06T18:32:36","modified_gmt":"2011-05-06T17:32:36","slug":"margareten-kirche-zu-steinbach","status":"publish","type":"page","link":"http:\/\/steinbach-im-netz.de\/?page_id=234","title":{"rendered":"Margareten Kirche zu Steinbach"},"content":{"rendered":"<p><a href=\"http:\/\/steinbach-im-netz.de\/wp-content\/uploads\/kirche_08.jpg\"><img decoding=\"async\" loading=\"lazy\" class=\"alignleft size-full wp-image-235\" title=\"Kirche\" src=\"http:\/\/steinbach-im-netz.de\/wp-content\/uploads\/kirche_08.jpg\" alt=\"\" width=\"93\" height=\"145\" \/><\/a>Die Margareten Kirche zu Steinbach wurde um 1105 von 2 Baumeistern der Naumburger Dombauschule errichtet. Sie ist im romanischen Stil erbaut wurden. Dadurch ist sie eine von nur ca. 72 Kirchen in Sachsen-Anhalt die zur &#8222;Stra\u00dfe der Romanik&#8220; geh\u00f6ren.<\/p>\n<p>Ein eigenatiger Anblick &#8211; eine Dorfkirche und kein Dorf dabei. Das alte Steinbach ging w\u00e4hrend des 30-j\u00e4hrigen Krieges (vor etwa 350 Jahren) v\u00f6llig zu Grunde. Es entstand dann an heutiger stelle neu. Wie m\u00fcssen die Steinbacher Bauern damals um 1105 gedacht haben, als ihr wundersch\u00f6ne Dorfkirche entstand &#8211; viel kleiner zwar als der Naumburger Dom, aber wie dieser mit allen Schmuckformen ausgestattet, die f\u00fcr die Sp\u00e4tromanik typisch sind. Der Einflu\u00df der Naumburger Dombauh\u00fctte ist nicht zu \u00fcbersehen. Sp\u00e4ter wurde der Bau erg\u00e4nzt durch einen Turm, der eine Barockhaube tr\u00e4gt.<\/p>\n<p><a href=\"http:\/\/steinbach-im-netz.de\/wp-content\/uploads\/kirche_01.jpg\"><img decoding=\"async\" loading=\"lazy\" class=\"alignright size-medium wp-image-236\" title=\"Kirche\" src=\"http:\/\/steinbach-im-netz.de\/wp-content\/uploads\/kirche_01-220x300.jpg\" alt=\"\" width=\"176\" height=\"240\" srcset=\"http:\/\/steinbach-im-netz.de\/wp-content\/uploads\/kirche_01-220x300.jpg 220w, http:\/\/steinbach-im-netz.de\/wp-content\/uploads\/kirche_01.jpg 303w\" sizes=\"(max-width: 176px) 100vw, 176px\" \/><\/a>Im inneren der Margaretenkirche beeindrucken die wuchtigen B\u00f6gen an Chor und Apsis. Dann entdeckt man die reich verzierten Kpitelle an den Ecks\u00e4ulen im Chor. Durch diese S\u00e4ulen und auch durch Unebenheiten an den verputzten Seitenw\u00e4nden des Choresbahnt man ein urspr\u00fcngliches Kreuzgew\u00f6lbe. Heute besitzt der Chor eine flache Holzdecke.<\/p>\n<p>Wertvolle Holzfiguren (Reste eines Altars) sind als vorl\u00e4ufige Leihgabe im Museum Schlo\u00df Neuenburg in Freyburg ausgestellt. Initiativen vom Pfarrer und r\u00fchriger Gemeinde erm\u00f6glichten in den Jahren 1982 bis 1986 umfangreiche Renovierungsarbeiten und f\u00fchren dadurch zu dem heutigen guten Zustand dieses Kleinodes an der Stra\u00dfe der Romanik.<\/p>\n<p><a href=\"http:\/\/steinbach-im-netz.de\/wp-content\/uploads\/kirche_02.jpg\"><img decoding=\"async\" loading=\"lazy\" class=\"alignleft size-full wp-image-237\" title=\"Kirche\" src=\"http:\/\/steinbach-im-netz.de\/wp-content\/uploads\/kirche_02.jpg\" alt=\"\" width=\"65\" height=\"150\" \/><\/a><a href=\"http:\/\/steinbach-im-netz.de\/wp-content\/uploads\/kirche_03.jpg\"><img decoding=\"async\" loading=\"lazy\" class=\"alignleft size-full wp-image-238\" title=\"Kirche\" src=\"http:\/\/steinbach-im-netz.de\/wp-content\/uploads\/kirche_03.jpg\" alt=\"\" width=\"66\" height=\"150\" \/><\/a><a href=\"http:\/\/steinbach-im-netz.de\/wp-content\/uploads\/kirche_07a.jpg\"><img decoding=\"async\" loading=\"lazy\" class=\"alignleft size-full wp-image-240\" title=\"kirche_07a\" src=\"http:\/\/steinbach-im-netz.de\/wp-content\/uploads\/kirche_07a.jpg\" alt=\"\" width=\"152\" height=\"130\" \/><\/a><a href=\"http:\/\/steinbach-im-netz.de\/wp-content\/uploads\/kirche_07b.jpg\"><img decoding=\"async\" loading=\"lazy\" class=\"alignleft size-full wp-image-241\" title=\"Kirche\" src=\"http:\/\/steinbach-im-netz.de\/wp-content\/uploads\/kirche_07b.jpg\" alt=\"\" width=\"151\" height=\"130\" srcset=\"http:\/\/steinbach-im-netz.de\/wp-content\/uploads\/kirche_07b.jpg 151w, http:\/\/steinbach-im-netz.de\/wp-content\/uploads\/kirche_07b-150x130.jpg 150w\" sizes=\"(max-width: 151px) 100vw, 151px\" \/><\/a><\/p>\n<p><a href=\"http:\/\/steinbach-im-netz.de\/wp-content\/uploads\/kirche_16.jpg\"><br \/>\n<\/a><\/p>\n","protected":false},"excerpt":{"rendered":"<p>Die Margareten Kirche zu Steinbach wurde um 1105 von 2 Baumeistern der Naumburger Dombauschule errichtet. Sie ist im romanischen Stil erbaut wurden. Dadurch ist sie eine von nur ca. 72 Kirchen in Sachsen-Anhalt die zur &#8222;Stra\u00dfe der Romanik&#8220; geh\u00f6ren. Ein eigenatiger Anblick &#8211; eine Dorfkirche und kein Dorf dabei. Das alte Steinbach ging w\u00e4hrend des &hellip; <a href=\"http:\/\/steinbach-im-netz.de\/?page_id=234\" class=\"more-link\"><span class=\"screen-reader-text\">Margareten Kirche zu Steinbach<\/span> weiterlesen <span class=\"meta-nav\">&rarr;<\/span><\/a><\/p>\n","protected":false},"author":1,"featured_media":0,"parent":222,"menu_order":3,"comment_status":"open","ping_status":"closed","template":"","meta":[],"_links":{"self":[{"href":"http:\/\/steinbach-im-netz.de\/index.php?rest_route=\/wp\/v2\/pages\/234"}],"collection":[{"href":"http:\/\/steinbach-im-netz.de\/index.php?rest_route=\/wp\/v2\/pages"}],"about":[{"href":"http:\/\/steinbach-im-netz.de\/index.php?rest_route=\/wp\/v2\/types\/page"}],"author":[{"embeddable":true,"href":"http:\/\/steinbach-im-netz.de\/index.php?rest_route=\/wp\/v2\/users\/1"}],"replies":[{"embeddable":true,"href":"http:\/\/steinbach-im-netz.de\/index.php?rest_route=%2Fwp%2Fv2%2Fcomments&post=234"}],"version-history":[{"count":2,"href":"http:\/\/steinbach-im-netz.de\/index.php?rest_route=\/wp\/v2\/pages\/234\/revisions"}],"predecessor-version":[{"id":245,"href":"http:\/\/steinbach-im-netz.de\/index.php?rest_route=\/wp\/v2\/pages\/234\/revisions\/245"}],"up":[{"embeddable":true,"href":"http:\/\/steinbach-im-netz.de\/index.php?rest_route=\/wp\/v2\/pages\/222"}],"wp:attachment":[{"href":"http:\/\/steinbach-im-netz.de\/index.php?rest_route=%2Fwp%2Fv2%2Fmedia&parent=234"}],"curies":[{"name":"wp","href":"https:\/\/api.w.org\/{rel}","templated":true}]}}